{"id":131,"date":"2023-10-31T22:02:30","date_gmt":"2023-10-31T21:02:30","guid":{"rendered":"http:\/\/193.194.89.33\/Revue\/?page_id=131"},"modified":"2023-11-01T21:03:03","modified_gmt":"2023-11-01T20:03:03","slug":"accueil","status":"publish","type":"page","link":"https:\/\/enewsletter.usthb.dz\/","title":{"rendered":""},"content":{"rendered":"\n<p>Bienvenue dans l&rsquo;USTHB Monthly E-newsletter&nbsp;<\/p>\n\n\n\n<p>Chers membres engag\u00e9s de la communaut\u00e9 USTHB,<\/p>\n\n\n\n<p>C&rsquo;est avec un enthousiasme d\u00e9bordant que nous vous invitons \u00e0 explorer l&rsquo;\u00e9dition de ce mois-ci de notre E-newsletter. Nous avons rassembl\u00e9 pour vous un kal\u00e9idoscope d&rsquo;\u00e9v\u00e9nements, d&rsquo;innovations, de d\u00e9couvertes en laboratoire, et d&rsquo;\u00e9clats de la vie \u00e9tudiante sur notre campus dynamique.<\/p>\n\n\n\n<p><strong>Les Activit\u00e9s du Mois:<\/strong><br>Plongez-vous dans le tourbillon des activit\u00e9s qui ont anim\u00e9 notre campus ces derni\u00e8res semaines. Des conf\u00e9rences inspirantes aux comp\u00e9titions captivantes, d\u00e9couvrez les moments marquants qui ont enrichi notre communaut\u00e9.<\/p>\n\n\n\n<p><strong>Les Cinq Innovations du Mois:<\/strong><br>Explorez les cinq projets les plus innovants qui ont \u00e9merg\u00e9 de nos laboratoires. Ces avanc\u00e9es technologiques et scientifiques repoussent les fronti\u00e8res de la connaissance, d\u00e9montrant l&rsquo;ing\u00e9niosit\u00e9 et la cr\u00e9ativit\u00e9 de notre communaut\u00e9 de chercheurs.<\/p>\n\n\n\n<p><strong>Le Laboratoire du Mois:<\/strong><br>Ouvrez la porte sur un laboratoire fascinant ce mois-ci. Rencontrez les esprits brillants qui \u0153uvrent dans l&rsquo;ombre, repoussant les limites de la compr\u00e9hension humaine. D\u00e9couvrez les travaux novateurs qui fa\u00e7onnent notre avenir.<\/p>\n\n\n\n<p><strong>La Vie dans le Campus:<\/strong><br>Embarquez pour un voyage au c\u0153ur de la vie \u00e9tudiante sur notre campus. Des projets associatifs aux moments de d\u00e9tente, explorez ce qui rend notre communaut\u00e9 si vivante et diverse.<\/p>\n\n\n\n<p>Restez connect\u00e9s tout au long de cette \u00e9dition pour \u00eatre inform\u00e9s, inspir\u00e9s, et pour c\u00e9l\u00e9brer ensemble les r\u00e9alisations exceptionnelles de notre universit\u00e9.<\/p>\n\n\n\n<p>Bonne lecture et immersion au c\u0153ur de l&rsquo;USTHB !<\/p>\n\n\n\n<p>Bien \u00e0 vous,<\/p>\n\n\n\n<p><em><strong>L&rsquo;\u00c9quipe \u00c9ditoriale de l&rsquo;USTHB Monthly E-newsletter<\/strong><\/em><\/p>\n\n\n\n<p><\/p>\n\n\n<p><!-- Begin Brevo Form --><br \/>\n<!-- START - We recommend to place the below code in head tag of your website html  --><\/p>\n<style>\n  @font-face {<br \/>\n    font-display: block;<br \/>\n    font-family: Roboto;<br \/>\n    src: url(https:\/\/assets.brevo.com\/font\/Roboto\/Latin\/normal\/normal\/7529907e9eaf8ebb5220c5f9850e3811.woff2) format(\"woff2\"), url(https:\/\/assets.brevo.com\/font\/Roboto\/Latin\/normal\/normal\/25c678feafdc175a70922a116c9be3e7.woff) format(\"woff\")<br \/>\n  }<\/p>\n<p>  @font-face {<br \/>\n    font-display: fallback;<br \/>\n    font-family: Roboto;<br \/>\n    font-weight: 600;<br \/>\n    src: url(https:\/\/assets.brevo.com\/font\/Roboto\/Latin\/medium\/normal\/6e9caeeafb1f3491be3e32744bc30440.woff2) format(\"woff2\"), url(https:\/\/assets.brevo.com\/font\/Roboto\/Latin\/medium\/normal\/71501f0d8d5aa95960f6475d5487d4c2.woff) format(\"woff\")<br \/>\n  }<\/p>\n<p>  @font-face {<br \/>\n    font-display: fallback;<br \/>\n    font-family: Roboto;<br \/>\n    font-weight: 700;<br \/>\n    src: url(https:\/\/assets.brevo.com\/font\/Roboto\/Latin\/bold\/normal\/3ef7cf158f310cf752d5ad08cd0e7e60.woff2) format(\"woff2\"), url(https:\/\/assets.brevo.com\/font\/Roboto\/Latin\/bold\/normal\/ece3a1d82f18b60bcce0211725c476aa.woff) format(\"woff\")<br \/>\n  }<\/p>\n<p>  #sib-container input:-ms-input-placeholder {<br \/>\n    text-align: left;<br \/>\n    font-family: \"Helvetica\", sans-serif;<br \/>\n    color: #c0ccda;<br \/>\n  }<\/p>\n<p>  #sib-container input::placeholder {<br \/>\n    text-align: left;<br \/>\n    font-family: \"Helvetica\", sans-serif;<br \/>\n    color: #c0ccda;<br \/>\n  }<\/p>\n<p>  #sib-container textarea::placeholder {<br \/>\n    text-align: left;<br \/>\n    font-family: \"Helvetica\", sans-serif;<br \/>\n    color: #c0ccda;<br \/>\n  }<br \/>\n<\/style>\n<link rel=\"stylesheet\" href=\"https:\/\/sibforms.com\/forms\/end-form\/build\/sib-styles.css\">\n<!--  END - We recommend to place the above code in head tag of your website html --><\/p>\n<p><!-- START - We recommend to place the below code where you want the form in your website html  --><\/p>\n<div class=\"sib-form\" style=\"text-align: center;\n         background-color: #EFF2F7;                                 \"><\/p>\n<div id=\"sib-form-container\" class=\"sib-form-container\">\n<div id=\"error-message\" class=\"sib-form-message-panel\" style=\"font-size:16px; text-align:left; font-family:&quot;Helvetica&quot;, sans-serif; color:#661d1d; background-color:#ffeded; border-radius:3px; border-color:#ff4949;max-width:540px;\">\n<div class=\"sib-form-message-panel__text sib-form-message-panel__text--center\">\n        <svg viewBox=\"0 0 512 512\" class=\"sib-icon sib-notification__icon\">\n          <path d=\"M256 40c118.621 0 216 96.075 216 216 0 119.291-96.61 216-216 216-119.244 0-216-96.562-216-216 0-119.203 96.602-216 216-216m0-32C119.043 8 8 119.083 8 256c0 136.997 111.043 248 248 248s248-111.003 248-248C504 119.083 392.957 8 256 8zm-11.49 120h22.979c6.823 0 12.274 5.682 11.99 12.5l-7 168c-.268 6.428-5.556 11.5-11.99 11.5h-8.979c-6.433 0-11.722-5.073-11.99-11.5l-7-168c-.283-6.818 5.167-12.5 11.99-12.5zM256 340c-15.464 0-28 12.536-28 28s12.536 28 28 28 28-12.536 28-28-12.536-28-28-28z\" \/>\n        <\/svg><br \/>\n        <span class=\"sib-form-message-panel__inner-text\"><br \/>\n                          Nous n&#039;avons pas pu confirmer votre inscription.<br \/>\n                      <\/span>\n      <\/div>\n<\/p>\n<\/div>\n<div><\/div>\n<div id=\"success-message\" class=\"sib-form-message-panel\" style=\"font-size:16px; text-align:left; font-family:&quot;Helvetica&quot;, sans-serif; color:#085229; background-color:#e7faf0; border-radius:3px; border-color:#13ce66;max-width:540px;\">\n<div class=\"sib-form-message-panel__text sib-form-message-panel__text--center\">\n        <svg viewBox=\"0 0 512 512\" class=\"sib-icon sib-notification__icon\">\n          <path d=\"M256 8C119.033 8 8 119.033 8 256s111.033 248 248 248 248-111.033 248-248S392.967 8 256 8zm0 464c-118.664 0-216-96.055-216-216 0-118.663 96.055-216 216-216 118.664 0 216 96.055 216 216 0 118.663-96.055 216-216 216zm141.63-274.961L217.15 376.071c-4.705 4.667-12.303 4.637-16.97-.068l-85.878-86.572c-4.667-4.705-4.637-12.303.068-16.97l8.52-8.451c4.705-4.667 12.303-4.637 16.97.068l68.976 69.533 163.441-162.13c4.705-4.667 12.303-4.637 16.97.068l8.451 8.52c4.668 4.705 4.637 12.303-.068 16.97z\" \/>\n        <\/svg><br \/>\n        <span class=\"sib-form-message-panel__inner-text\"><br \/>\n                          Votre inscription est confirm\u00e9e.<br \/>\n                      <\/span>\n      <\/div>\n<\/p>\n<\/div>\n<div><\/div>\n<div id=\"sib-container\" class=\"sib-container--large sib-container--vertical\" style=\"text-align:center; background-color:rgba(255,255,255,1); max-width:540px; border-radius:3px; border-width:1px; border-color:#C0CCD9; border-style:solid; direction:ltr\">\n<form id=\"sib-form\" method=\"POST\" action=\"https:\/\/818990fc.sibforms.com\/serve\/MUIFAJdtO55LzZRlwyLjmakvQHCx_1zvFoTuwR8ihuqRlGzjbalm2Qq-Vq2hYFKFN4mqV9u-SMF5E01zBP39q9PeH8UotXKM6zP7jJNCmuQQ78cxaWLp1g9RGw5B_WX4tuOvFbxaodaHsC8KSBT-c8vvdRioacu1qvCDXRuo22UlVc75LnzAjej6_nni3G7SMRgDaS__MaQNBxYl\" data-type=\"subscription\">\n<div style=\"padding: 8px 0;\">\n<div class=\"sib-form-block\" style=\"font-size:32px; text-align:left; font-weight:700; font-family:&quot;Helvetica&quot;, sans-serif; color:#3C4858; background-color:transparent; text-align:left\">\n<p>Newsletter<\/p>\n<\/p>\n<\/div>\n<\/div>\n<div style=\"padding: 8px 0;\">\n<div class=\"sib-form-block\" style=\"font-size:16px; text-align:left; font-family:&quot;Helvetica&quot;, sans-serif; color:#3C4858; background-color:transparent; text-align:left\">\n<div class=\"sib-text-form-block\">\n<p>Inscrivez-vous \u00e0 notre newsletter pour suivre nos actualit\u00e9s.<\/p>\n<\/p>\n<\/div>\n<\/div>\n<\/div>\n<div style=\"padding: 8px 0;\">\n<div class=\"sib-input sib-form-block\">\n<div class=\"form__entry entry_block\">\n<div class=\"form__label-row \">\n                <label class=\"entry__label\" style=\"font-weight: 700; text-align:left; font-size:16px; text-align:left; font-weight:700; font-family:&quot;Helvetica&quot;, sans-serif; color:#3c4858;\" for=\"EMAIL\" data-required=\"*\">Entrez votre EMAIL<\/label><\/p>\n<div class=\"entry__field\">\n                  <input class=\"input \" type=\"text\" id=\"EMAIL\" name=\"EMAIL\" autocomplete=\"off\" placeholder=\"EMAIL\" data-required=\"true\" required \/>\n                <\/div>\n<\/p>\n<\/div>\n<p>              <label class=\"entry__error entry__error--primary\" style=\"font-size:16px; text-align:left; font-family:&quot;Helvetica&quot;, sans-serif; color:#661d1d; background-color:#ffeded; border-radius:3px; border-color:#ff4949;\"><br \/>\n              <\/label><br \/>\n              <label class=\"entry__specification\" style=\"font-size:12px; text-align:left; font-family:&quot;Helvetica&quot;, sans-serif; color:#8390A4; text-align:left\"><br \/>\n                Veuillez renseigner votre adresse email pour vous inscrire. Ex. : abc@xyz.com<br \/>\n              <\/label>\n            <\/div>\n<\/p>\n<\/div>\n<\/div>\n<div style=\"padding: 8px 0;\">\n<div class=\"sib-form-block\" style=\"text-align: left\">\n            <button class=\"sib-form-block__button sib-form-block__button-with-loader\" style=\"font-size:16px; text-align:left; font-weight:700; font-family:&quot;Helvetica&quot;, sans-serif; color:#FFFFFF; background-color:#3E4857; border-radius:3px; border-width:0px;\" form=\"sib-form\" type=\"submit\"><br \/>\n              <svg class=\"icon clickable__icon progress-indicator__icon sib-hide-loader-icon\" viewBox=\"0 0 512 512\">\n                <path d=\"M460.116 373.846l-20.823-12.022c-5.541-3.199-7.54-10.159-4.663-15.874 30.137-59.886 28.343-131.652-5.386-189.946-33.641-58.394-94.896-95.833-161.827-99.676C261.028 55.961 256 50.751 256 44.352V20.309c0-6.904 5.808-12.337 12.703-11.982 83.556 4.306 160.163 50.864 202.11 123.677 42.063 72.696 44.079 162.316 6.031 236.832-3.14 6.148-10.75 8.461-16.728 5.01z\" \/>\n              <\/svg><br \/>\n              S&#039;INSCRIRE<br \/>\n            <\/button>\n          <\/div>\n<\/p>\n<\/div>\n<p>        <input type=\"text\" name=\"email_address_check\" value=\"\" class=\"input--hidden\"><br \/>\n        <input type=\"hidden\" name=\"locale\" value=\"fr\"><br \/>\n      <\/form>\n<\/p>\n<\/div>\n<\/div>\n<\/div>\n<p><!-- END - We recommend to place the below code where you want the form in your website html  --><\/p>\n<p><!-- START - We recommend to place the below code in footer or bottom of your website html  --><br \/>\n<script><br \/>\n  window.REQUIRED_CODE_ERROR_MESSAGE = 'Veuillez choisir un code pays';<br \/>\n  window.LOCALE = 'fr';<br \/>\n  window.EMAIL_INVALID_MESSAGE = window.SMS_INVALID_MESSAGE = \"Les informations que vous avez fournies ne sont pas valides. Veuillez v\u00e9rifier le format du champ et r\u00e9essayer.\";<\/p>\n<p>  window.REQUIRED_ERROR_MESSAGE = \"Vous devez renseigner ce champ. \";<\/p>\n<p>  window.GENERIC_INVALID_MESSAGE = \"Les informations que vous avez fournies ne sont pas valides. Veuillez v\u00e9rifier le format du champ et r\u00e9essayer.\";<\/p>\n<p>  window.translation = {<br \/>\n    common: {<br \/>\n      selectedList: '{quantity} liste s\u00e9lectionn\u00e9e',<br \/>\n      selectedLists: '{quantity} listes s\u00e9lectionn\u00e9es'<br \/>\n    }<br \/>\n  };<\/p>\n<p>  var AUTOHIDE = Boolean(0);<br \/>\n<\/script><br \/>\n<script defer src=\"https:\/\/sibforms.com\/forms\/end-form\/build\/main.js\"><\/script><\/p>\n<p><!-- END - We recommend to place the above code in footer or bottom of your website html  --><br \/>\n<!-- End Brevo Form --><\/p>","protected":false},"excerpt":{"rendered":"<p>Bienvenue dans l&rsquo;USTHB Monthly E-newsletter&nbsp; Chers membres engag\u00e9s de la communaut\u00e9 USTHB, C&rsquo;est avec un enthousiasme d\u00e9bordant que nous vous invitons \u00e0 explorer l&rsquo;\u00e9dition de ce mois-ci de notre E-newsletter. Nous avons rassembl\u00e9 pour vous un kal\u00e9idoscope d&rsquo;\u00e9v\u00e9nements, d&rsquo;innovations, de d\u00e9couvertes en laboratoire, et d&rsquo;\u00e9clats de la vie \u00e9tudiante sur notre campus dynamique. Les Activit\u00e9s [&hellip;]<\/p>\n","protected":false},"author":1,"featured_media":0,"parent":0,"menu_order":0,"comment_status":"closed","ping_status":"closed","template":"","meta":{"footnotes":""},"_links":{"self":[{"href":"https:\/\/enewsletter.usthb.dz\/index.php\/wp-json\/wp\/v2\/pages\/131"}],"collection":[{"href":"https:\/\/enewsletter.usthb.dz\/index.php\/wp-json\/wp\/v2\/pages"}],"about":[{"href":"https:\/\/enewsletter.usthb.dz\/index.php\/wp-json\/wp\/v2\/types\/page"}],"author":[{"embeddable":true,"href":"https:\/\/enewsletter.usthb.dz\/index.php\/wp-json\/wp\/v2\/users\/1"}],"replies":[{"embeddable":true,"href":"https:\/\/enewsletter.usthb.dz\/index.php\/wp-json\/wp\/v2\/comments?post=131"}],"version-history":[{"count":18,"href":"https:\/\/enewsletter.usthb.dz\/index.php\/wp-json\/wp\/v2\/pages\/131\/revisions"}],"predecessor-version":[{"id":175,"href":"https:\/\/enewsletter.usthb.dz\/index.php\/wp-json\/wp\/v2\/pages\/131\/revisions\/175"}],"wp:attachment":[{"href":"https:\/\/enewsletter.usthb.dz\/index.php\/wp-json\/wp\/v2\/media?parent=131"}],"curies":[{"name":"wp","href":"https:\/\/api.w.org\/{rel}","templated":true}]}}