{"id":125,"date":"2023-10-31T21:46:35","date_gmt":"2023-10-31T20:46:35","guid":{"rendered":"http:\/\/193.194.89.33\/Revue\/?page_id=125"},"modified":"2023-10-31T21:46:35","modified_gmt":"2023-10-31T20:46:35","slug":"linnovation-dans-le-traitement-des-verrues","status":"publish","type":"page","link":"https:\/\/enewsletter.usthb.dz\/index.php\/linnovation-dans-le-traitement-des-verrues\/","title":{"rendered":"L\u2019innovation dans le traitement des verrues"},"content":{"rendered":"\n<p class=\"has-text-align-center has-large-font-size\"><strong>\u0627\u0644\u0627\u0628\u062a\u0643\u0627\u0631 \u0641\u064a \u0639\u0644\u0627\u062c \u0627\u0644\u062b\u0622\u0644\u064a\u0644<\/strong><\/p>\n\n\n\n<p class=\"has-text-align-center has-large-font-size\"><strong>Innovation in the treatment of warts<\/strong><\/p>\n\n\n\n<figure class=\"wp-block-image size-full is-resized\"><img loading=\"lazy\" decoding=\"async\" src=\"http:\/\/193.194.89.33\/Revue\/wp-content\/uploads\/2023\/10\/image-8.png\" alt=\"\" class=\"wp-image-126\" style=\"width:113px;height:100px\" width=\"113\" height=\"100\"\/><\/figure>\n\n\n<div class=\"wp-block-image\">\n<figure class=\"alignright size-full is-resized\"><img loading=\"lazy\" decoding=\"async\" src=\"http:\/\/193.194.89.33\/Revue\/wp-content\/uploads\/2023\/10\/image-9.png\" alt=\"\" class=\"wp-image-127\" style=\"width:105px;height:82px\" width=\"105\" height=\"82\"\/><\/figure><\/div>\n\n\n<p>Les verrues repr\u00e9sentent un probl\u00e8me de sant\u00e9 publique important en raison de leur incidence \u00e9lev\u00e9e. Afin de rem\u00e9dier \u00e0 ce fl\u00e9au, notre projet innovant pr\u00e9sente deux traitements des verrues cutan\u00e9es caus\u00e9es par le \u00abVPH\u00bb, \u00e0 base de figuier (<em>Ficus carica L.<\/em>) ou d&rsquo;une plante, <em>l&rsquo;Oxalis pes-caprae L<\/em><\/p>\n\n\n\n<p>Ces plantes sont riches en compos\u00e9s bioactifs, offrant ainsi une perspective th\u00e9rapeutique prometteuse pour cette affection dermatologique courante, en tant qu&rsquo;alternative aux m\u00e9thodes conventionnelles. Des protocoles de conservation ont \u00e9t\u00e9 \u00e9labor\u00e9s pour pr\u00e9server leur efficacit\u00e9. Aussi, les formulations de ces traitements ont donc \u00e9t\u00e9 r\u00e9alis\u00e9es en s\u00e9lectionnant soigneusement les excipients et en effectuant des tests pr\u00e9cliniques de toxicit\u00e9.<\/p>\n\n\n\n<p>Laboratoire et \u00e9quipe de recherche&nbsp;: <a href=\"http:\/\/www.lbcm.usthb.dz\/node\/5\">www.lbcm.usthb.dz\/node\/5<\/a><\/p>\n\n\n\n<p><strong>Innovation in the treatment of warts.<\/strong><\/p>\n\n\n\n<p>Warts represent a significant public health problem due to their high incidence. In order to remedy this scourge, our innovative project presents two treatments for skin warts caused by \u201cHPV\u201d, based on fig tree (<em>Ficus carica L<\/em>) or a plant, <em>Oxalis pes-caprae<\/em> <em>L<\/em>.<\/p>\n\n\n\n<p>These plants are rich in bioactive compounds, offering a promising therapeutic perspective for this common dermatological condition as an alternative to conventional methods. Optimal storage protocols have been developed to preserve their efficacy. Additionally, the formulations of these treatments have been carefully selected, with preclinical toxicity tests conducted. Warts represent a significant public health problem due to their high incidence. In order to remedy this scourge, our innovative project presents two treatments for skin warts caused by \u201cHPV\u201d, based on fig tree (<em>Ficus carica L<\/em>) or a plant, <em>Oxalis pes-caprae L<\/em>.<\/p>\n\n\n\n<p>Laboratory and research team: <a href=\"http:\/\/www.lbcm.usthb.dz\/node\/5\">www.lbcm.usthb.dz\/node\/5<\/a><\/p>\n\n\n\n<p><strong>\u0627\u0644\u0627\u0628\u062a\u0643\u0627\u0631 \u0641\u064a \u0639\u0644\u0627\u062c \u0627\u0644\u062b\u0622\u0644\u064a\u0644<\/strong><\/p>\n\n\n\n<p>\u0627\u0644\u062b\u0622\u0644\u064a\u0644\u060c \u062a\u0645\u062b\u0644 \u0645\u0634\u0643\u0644\u0629 \u0635\u062d\u064a\u0629 \u0639\u0627\u0645\u0629 \u0645\u0647\u0645\u0629 \u0628\u0633\u0628\u0628 \u0627\u0631\u062a\u0641\u0627\u0639 \u0645\u0639\u062f\u0644 \u0627\u0644\u0625\u0635\u0627\u0628\u0629 \u0628\u0647\u0627, \u062a\u062d\u0642\u064a\u0642\u0627 \u0644\u0639\u0644\u0627\u062c\u0647\u0627\u060c \u064a\u0642\u062f\u0645 \u0647\u0630\u0627 \u0627\u0644\u0645\u0634\u0631\u0648\u0639 \u0646\u0647\u062c\u0627 \u0645\u0628\u062a\u0643\u0631\u0627 \u0644\u0639\u0644\u0627\u062c \u0627\u0644\u062b\u0622\u0644\u064a\u0644 \u0627\u0644\u062c\u0644\u062f\u064a\u0629 \u0627\u0644\u062a\u064a \u064a\u0633\u0628\u0628\u0647\u0627 \u00ab\u00a0VPH\u00a0\u00bb\u060c \u0627\u0633\u062a\u0646\u0627\u062f\u0627 \u0625\u0644\u0649 \u0634\u062c\u0631\u0629 \u0627\u0644\u062a\u064a\u0646 (<em>Ficus carica L<\/em>.) \u0623\u0648 \u0627\u0644\u0646\u0628\u0627\u062a (<em>Oxalis pes-caprae L<\/em>.) \u0647\u0630\u0647 \u0627\u0644\u0646\u0628\u0627\u062a\u0627\u062a \u063a\u0646\u064a\u0629 \u0628\u0627\u0644\u0645\u0631\u0643\u0628\u0627\u062a \u0627\u0644\u0646\u0634\u0637\u0629 \u0628\u064a\u0648\u0644\u0648\u062c\u064a\u0627\u060c \u0645\u0645\u0627 \u064a\u0648\u0641\u0631 \u0622\u0641\u0627\u0642\u0627 \u0639\u0644\u0627\u062c\u064a\u0629 \u0648\u0627\u0639\u062f\u0629 \u0644\u0647\u0630\u0647<\/p>\n","protected":false},"excerpt":{"rendered":"<p>\u0627\u0644\u0627\u0628\u062a\u0643\u0627\u0631 \u0641\u064a \u0639\u0644\u0627\u062c \u0627\u0644\u062b\u0622\u0644\u064a\u0644 Innovation in the treatment of warts Les verrues repr\u00e9sentent un probl\u00e8me de sant\u00e9 publique important en raison de leur incidence \u00e9lev\u00e9e. Afin de rem\u00e9dier \u00e0 ce fl\u00e9au, notre projet innovant pr\u00e9sente deux traitements des verrues cutan\u00e9es caus\u00e9es par le \u00abVPH\u00bb, \u00e0 base de figuier (Ficus carica L.) ou d&rsquo;une plante, l&rsquo;Oxalis [&hellip;]<\/p>\n","protected":false},"author":1,"featured_media":0,"parent":0,"menu_order":0,"comment_status":"closed","ping_status":"closed","template":"","meta":{"footnotes":""},"_links":{"self":[{"href":"https:\/\/enewsletter.usthb.dz\/index.php\/wp-json\/wp\/v2\/pages\/125"}],"collection":[{"href":"https:\/\/enewsletter.usthb.dz\/index.php\/wp-json\/wp\/v2\/pages"}],"about":[{"href":"https:\/\/enewsletter.usthb.dz\/index.php\/wp-json\/wp\/v2\/types\/page"}],"author":[{"embeddable":true,"href":"https:\/\/enewsletter.usthb.dz\/index.php\/wp-json\/wp\/v2\/users\/1"}],"replies":[{"embeddable":true,"href":"https:\/\/enewsletter.usthb.dz\/index.php\/wp-json\/wp\/v2\/comments?post=125"}],"version-history":[{"count":1,"href":"https:\/\/enewsletter.usthb.dz\/index.php\/wp-json\/wp\/v2\/pages\/125\/revisions"}],"predecessor-version":[{"id":128,"href":"https:\/\/enewsletter.usthb.dz\/index.php\/wp-json\/wp\/v2\/pages\/125\/revisions\/128"}],"wp:attachment":[{"href":"https:\/\/enewsletter.usthb.dz\/index.php\/wp-json\/wp\/v2\/media?parent=125"}],"curies":[{"name":"wp","href":"https:\/\/api.w.org\/{rel}","templated":true}]}}