{"id":115,"date":"2023-10-31T21:39:24","date_gmt":"2023-10-31T20:39:24","guid":{"rendered":"http:\/\/193.194.89.33\/Revue\/?page_id=115"},"modified":"2023-10-31T21:39:24","modified_gmt":"2023-10-31T20:39:24","slug":"des-produits-de-lusthb-exposes-a-la-safex","status":"publish","type":"page","link":"https:\/\/enewsletter.usthb.dz\/index.php\/des-produits-de-lusthb-exposes-a-la-safex\/","title":{"rendered":"Des produits de l\u2019USTHB expos\u00e9s \u00e0 la SAFEX"},"content":{"rendered":"\n<p>Dans le cadre de la valorisation de ses produits, l\u2019Universit\u00e9 des Sciences et de la Technologie Houari Boumediene (USTHB) a particip\u00e9 au 15<sup>\u00e8me<\/sup> Salon Professionnel International de l\u2019Industrie qui a eu lieu du 9 au 12 octobre 2023 au Palais des Expositions Pins Maritimes (SAFEX). Cet \u00e9venement a permis d\u2019am\u00e9liorer la visibilit\u00e9 des produits de l\u2019USTHB, issus des laboratoires et des travaux d\u2019\u00e9tudiants, par rapport aux secteurs socio-\u00e9conomiques.<\/p>\n\n\n<div class=\"wp-block-image\">\n<figure class=\"aligncenter size-full is-resized\"><img loading=\"lazy\" decoding=\"async\" src=\"http:\/\/193.194.89.33\/Revue\/wp-content\/uploads\/2023\/10\/image-2.png\" alt=\"\" class=\"wp-image-116\" style=\"width:532px;height:203px\" width=\"532\" height=\"203\"\/><\/figure><\/div>\n\n<div class=\"wp-block-image\">\n<figure class=\"aligncenter size-full is-resized\"><img loading=\"lazy\" decoding=\"async\" src=\"http:\/\/193.194.89.33\/Revue\/wp-content\/uploads\/2023\/10\/image-3.png\" alt=\"\" class=\"wp-image-117\" style=\"width:537px;height:270px\" width=\"537\" height=\"270\"\/><\/figure><\/div>\n\n<div class=\"wp-block-image\">\n<figure class=\"aligncenter size-full is-resized\"><img loading=\"lazy\" decoding=\"async\" src=\"http:\/\/193.194.89.33\/Revue\/wp-content\/uploads\/2023\/10\/image-4.png\" alt=\"\" class=\"wp-image-118\" style=\"width:537px;height:257px\" width=\"537\" height=\"257\" srcset=\"https:\/\/enewsletter.usthb.dz\/wp-content\/uploads\/2023\/10\/image-4.png 349w, https:\/\/enewsletter.usthb.dz\/wp-content\/uploads\/2023\/10\/image-4-300x144.png 300w\" sizes=\"(max-width: 537px) 100vw, 537px\" \/><\/figure><\/div>\n\n<div class=\"wp-block-image\">\n<figure class=\"aligncenter size-full is-resized\"><img loading=\"lazy\" decoding=\"async\" src=\"http:\/\/193.194.89.33\/Revue\/wp-content\/uploads\/2023\/10\/image-5.png\" alt=\"\" class=\"wp-image-119\" style=\"width:248px;height:262px\" width=\"248\" height=\"262\"\/><\/figure><\/div>\n\n<div class=\"wp-block-image\">\n<figure class=\"aligncenter size-full is-resized\"><img loading=\"lazy\" decoding=\"async\" src=\"http:\/\/193.194.89.33\/Revue\/wp-content\/uploads\/2023\/10\/image-7.png\" alt=\"\" class=\"wp-image-121\" style=\"width:543px;height:311px\" width=\"543\" height=\"311\"\/><\/figure><\/div>","protected":false},"excerpt":{"rendered":"<p>Dans le cadre de la valorisation de ses produits, l\u2019Universit\u00e9 des Sciences et de la Technologie Houari Boumediene (USTHB) a particip\u00e9 au 15\u00e8me Salon Professionnel International de l\u2019Industrie qui a eu lieu du 9 au 12 octobre 2023 au Palais des Expositions Pins Maritimes (SAFEX). Cet \u00e9venement a permis d\u2019am\u00e9liorer la visibilit\u00e9 des produits de [&hellip;]<\/p>\n","protected":false},"author":1,"featured_media":0,"parent":0,"menu_order":0,"comment_status":"closed","ping_status":"closed","template":"","meta":{"footnotes":""},"_links":{"self":[{"href":"https:\/\/enewsletter.usthb.dz\/index.php\/wp-json\/wp\/v2\/pages\/115"}],"collection":[{"href":"https:\/\/enewsletter.usthb.dz\/index.php\/wp-json\/wp\/v2\/pages"}],"about":[{"href":"https:\/\/enewsletter.usthb.dz\/index.php\/wp-json\/wp\/v2\/types\/page"}],"author":[{"embeddable":true,"href":"https:\/\/enewsletter.usthb.dz\/index.php\/wp-json\/wp\/v2\/users\/1"}],"replies":[{"embeddable":true,"href":"https:\/\/enewsletter.usthb.dz\/index.php\/wp-json\/wp\/v2\/comments?post=115"}],"version-history":[{"count":1,"href":"https:\/\/enewsletter.usthb.dz\/index.php\/wp-json\/wp\/v2\/pages\/115\/revisions"}],"predecessor-version":[{"id":122,"href":"https:\/\/enewsletter.usthb.dz\/index.php\/wp-json\/wp\/v2\/pages\/115\/revisions\/122"}],"wp:attachment":[{"href":"https:\/\/enewsletter.usthb.dz\/index.php\/wp-json\/wp\/v2\/media?parent=115"}],"curies":[{"name":"wp","href":"https:\/\/api.w.org\/{rel}","templated":true}]}}