{"id":10,"date":"2023-10-12T14:33:18","date_gmt":"2023-10-12T12:33:18","guid":{"rendered":"http:\/\/193.194.89.33\/Revue\/?page_id=10"},"modified":"2023-10-31T19:42:10","modified_gmt":"2023-10-31T18:42:10","slug":"les-cinq-innovations-du-mois","status":"publish","type":"page","link":"https:\/\/enewsletter.usthb.dz\/index.php\/les-cinq-innovations-du-mois\/","title":{"rendered":"Les cinq innovations du mois"},"content":{"rendered":"\n<p>&#8211;<a href=\".\/index.php\/fabrication-des-medicaments-imprimes\/\">Fabrication des m\u00e9dicaments imprim\u00e9s<\/a>.<\/p>\n\n\n\n<p>&#8211;<a href=\".\/index.php\/un-robot-pour-la-cartographie-des-fougaras\">Un robot pour la cartographie des Fougaras<\/a><\/p>\n\n\n\n<p>-L&rsquo;IA et la d\u00e9tection des d\u00e9chets marins<\/p>\n\n\n\n<p>-Pommade anti-verrues \u00e0 partir du tr\u00e8fle Oxalis pres-caprae<\/p>\n\n\n\n<p>-Un drone aquatique multi-t\u00e2ches<\/p>\n","protected":false},"excerpt":{"rendered":"<p>&#8211;Fabrication des m\u00e9dicaments imprim\u00e9s. &#8211;Un robot pour la cartographie des Fougaras -L&rsquo;IA et la d\u00e9tection des d\u00e9chets marins -Pommade anti-verrues \u00e0 partir du tr\u00e8fle Oxalis pres-caprae -Un drone aquatique multi-t\u00e2ches<\/p>\n","protected":false},"author":1,"featured_media":0,"parent":0,"menu_order":0,"comment_status":"closed","ping_status":"closed","template":"","meta":{"footnotes":""},"_links":{"self":[{"href":"https:\/\/enewsletter.usthb.dz\/index.php\/wp-json\/wp\/v2\/pages\/10"}],"collection":[{"href":"https:\/\/enewsletter.usthb.dz\/index.php\/wp-json\/wp\/v2\/pages"}],"about":[{"href":"https:\/\/enewsletter.usthb.dz\/index.php\/wp-json\/wp\/v2\/types\/page"}],"author":[{"embeddable":true,"href":"https:\/\/enewsletter.usthb.dz\/index.php\/wp-json\/wp\/v2\/users\/1"}],"replies":[{"embeddable":true,"href":"https:\/\/enewsletter.usthb.dz\/index.php\/wp-json\/wp\/v2\/comments?post=10"}],"version-history":[{"count":4,"href":"https:\/\/enewsletter.usthb.dz\/index.php\/wp-json\/wp\/v2\/pages\/10\/revisions"}],"predecessor-version":[{"id":109,"href":"https:\/\/enewsletter.usthb.dz\/index.php\/wp-json\/wp\/v2\/pages\/10\/revisions\/109"}],"wp:attachment":[{"href":"https:\/\/enewsletter.usthb.dz\/index.php\/wp-json\/wp\/v2\/media?parent=10"}],"curies":[{"name":"wp","href":"https:\/\/api.w.org\/{rel}","templated":true}]}}